{"id":28736,"date":"2025-06-23T08:51:17","date_gmt":"2025-06-23T07:51:17","guid":{"rendered":"https:\/\/archiv.nationalatlas.de\/?page_id=28736"},"modified":"2025-06-23T08:51:17","modified_gmt":"2025-06-23T07:51:17","slug":"barrierefreiheit","status":"publish","type":"page","link":"https:\/\/archiv.nationalatlas.de\/?page_id=28736","title":{"rendered":"Barrierefreiheit"},"content":{"rendered":"\n<h2 class=\"wp-block-heading\">Erkl\u00e4rung zur Barrierefreiheit<\/h2>\n\n\n\n<p>Das Leibniz-Institut f\u00fcr L\u00e4nderkunde e.\u202fV. ist bem\u00fcht, die Website archiv.nationalatlas.de im Einklang mit \u00a7\u202f12a des Behindertengleichstellungsgesetzes (BGG) sowie der Barrierefreie-Informationstechnik-Verordnung (BITV 2.0) barrierefrei zug\u00e4nglich zu machen.<br>Stand der Vereinbarkeit mit den Anforderungen<\/p>\n\n\n\n<p>Diese Website ist teilweise mit den Anforderungen der BITV 2.0 vereinbar.<br>Nicht barrierefreie Inhalte:<\/p>\n\n\n\n<ul class=\"wp-block-list\">\n<li>Strukturierte \u00dcberschriften (h2\u2013h4) sind nicht durchg\u00e4ngig vorhanden.<\/li>\n\n\n\n<li>Es fehlen \u201eSkip-to-Content\u201c-Links zur besseren Tastaturnavigation.<\/li>\n\n\n\n<li>Einige Bilder und Logos verf\u00fcgen nicht \u00fcber Alternativtexte (Alt-Texte).<\/li>\n\n\n\n<li>Eingebundene PDF-Dokumente entsprechen nicht durchg\u00e4ngig den Anforderungen an barrierefreie Dokumente (z.\u202fB. fehlende Tags, keine Sprachangabe).<\/li>\n\n\n\n<li>Die Lesereihenfolge und semantische Struktur sind nicht vollst\u00e4ndig sichergestellt.<\/li>\n<\/ul>\n\n\n\n<h2 class=\"wp-block-heading\">Erstellung dieser Erkl\u00e4rung<\/h2>\n\n\n\n<p>Diese Erkl\u00e4rung wurde am 19.06.2025 auf Grundlage einer manuellen Selbstbewertung der Website erstellt.<\/p>\n\n\n\n<h2 class=\"wp-block-heading\">Feedback und Kontakt<\/h2>\n\n\n\n<p>Wenn Ihnen Barrieren auf unserer Website auffallen oder Sie Informationen ben\u00f6tigen, die nicht barrierefrei zug\u00e4nglich sind, kontaktieren Sie uns gerne:<\/p>\n\n\n\n<p>Leibniz-Institut f\u00fcr L\u00e4nderkunde e.\u202fV.<br>Schongauerstra\u00dfe 9<br>04328 Leipzig<br>E: info@nationalatlas.de<br>T: +49 (0)341 60055-0<\/p>\n\n\n\n<h2 class=\"wp-block-heading\">Durchsetzungs- und Schlichtungsverfahren<\/h2>\n\n\n\n<h3 class=\"wp-block-heading\">Durchsetzungsstelle des Landes Sachsen<\/h3>\n\n\n\n<p>Wenn Sie innerhalb eines Monats keine zufriedenstellende Antwort erhalten, k\u00f6nnen Sie sich an die Durchsetzungsstelle des Freistaates Sachsen wenden:<\/p>\n\n\n\n<p>Durchsetzungsstelle beim Landesinklusionsbeauftragten<br>S\u00e4chsische Staatskanzlei<br>Archivstra\u00dfe 1<br>01097 Dresden<br>E: durchsetzungsstelle@sk.sachsen.de<br>T: +49 351 564 10713<br>W:  www.barrierefreiheit.sachsen.de<\/p>\n\n\n\n<h3 class=\"wp-block-heading\">Schlichtungsstelle des Bundes nach \u00a7\u202f16 BGG<\/h3>\n\n\n\n<p>Alternativ k\u00f6nnen Sie sich auch an die Schlichtungsstelle nach \u00a7\u202f16 BGG beim Beauftragten der Bundesregierung f\u00fcr die Belange von Menschen mit Behinderungen wenden. Die Schlichtungsstelle hilft dabei, Konflikte au\u00dfergerichtlich beizulegen.<\/p>\n\n\n\n<p>Schlichtungsstelle BGG<br>Mauerstra\u00dfe 53<br>10117 Berlin<br>E: info@schlichtungsstelle-bgg.de<br>T: +49 30 18 527 2805<br>W: www.schlichtungsstelle-bgg.de<\/p>\n","protected":false},"excerpt":{"rendered":"<p>Erkl\u00e4rung zur Barrierefreiheit Das Leibniz-Institut f\u00fcr L\u00e4nderkunde e.\u202fV. ist bem\u00fcht, die Website archiv.nationalatlas.de im Einklang mit \u00a7\u202f12a des Behindertengleichstellungsgesetzes (BGG) sowie der Barrierefreie-Informationstechnik-Verordnung (BITV 2.0) barrierefrei zug\u00e4nglich zu machen.Stand der Vereinbarkeit mit den Anforderungen Diese Website ist teilweise mit den Anforderungen der BITV 2.0 vereinbar.Nicht barrierefreie Inhalte: Erstellung dieser Erkl\u00e4rung Diese Erkl\u00e4rung wurde am 19.06.2025 &hellip; <a href=\"https:\/\/archiv.nationalatlas.de\/?page_id=28736\" class=\"more-link\"><span class=\"screen-reader-text\">Barrierefreiheit<\/span> weiterlesen <span class=\"meta-nav\">&rarr;<\/span><\/a><\/p>\n","protected":false},"author":4,"featured_media":0,"parent":0,"menu_order":0,"comment_status":"closed","ping_status":"closed","template":"","meta":{"footnotes":""},"class_list":["post-28736","page","type-page","status-publish","hentry"],"_links":{"self":[{"href":"https:\/\/archiv.nationalatlas.de\/index.php?rest_route=\/wp\/v2\/pages\/28736","targetHints":{"allow":["GET"]}}],"collection":[{"href":"https:\/\/archiv.nationalatlas.de\/index.php?rest_route=\/wp\/v2\/pages"}],"about":[{"href":"https:\/\/archiv.nationalatlas.de\/index.php?rest_route=\/wp\/v2\/types\/page"}],"author":[{"embeddable":true,"href":"https:\/\/archiv.nationalatlas.de\/index.php?rest_route=\/wp\/v2\/users\/4"}],"replies":[{"embeddable":true,"href":"https:\/\/archiv.nationalatlas.de\/index.php?rest_route=%2Fwp%2Fv2%2Fcomments&post=28736"}],"version-history":[{"count":2,"href":"https:\/\/archiv.nationalatlas.de\/index.php?rest_route=\/wp\/v2\/pages\/28736\/revisions"}],"predecessor-version":[{"id":28738,"href":"https:\/\/archiv.nationalatlas.de\/index.php?rest_route=\/wp\/v2\/pages\/28736\/revisions\/28738"}],"wp:attachment":[{"href":"https:\/\/archiv.nationalatlas.de\/index.php?rest_route=%2Fwp%2Fv2%2Fmedia&parent=28736"}],"curies":[{"name":"wp","href":"https:\/\/api.w.org\/{rel}","templated":true}]}}